{"id":1635,"date":"2020-02-09T23:02:49","date_gmt":"2020-02-09T22:02:49","guid":{"rendered":"https:\/\/www.witkowscy.net\/wp\/?page_id=1635"},"modified":"2020-02-09T23:04:30","modified_gmt":"2020-02-09T22:04:30","slug":"o-naszej-rodzinie","status":"publish","type":"page","link":"https:\/\/www.witkowscy.net\/wp\/?page_id=1635","title":{"rendered":"O naszej rodzinie"},"content":{"rendered":"\n<p>Tu znajdziesz nasze wspomnienia z lat dawnych, a tak\u017ce informacje i zdj\u0119cia z wa\u017cnych, bie\u017c\u0105cych wydarze\u0144 rodzinnych.<\/p>\n\n\n\n<p>A do tego troch\u0119 genealogii, ciekawostek, a nawet humoru, tak aby historia rodziny zaciekawi\u0142a m\u0142ode i przysz\u0142e\u00a0 pokolenia&#8230;<\/p>\n\n\n\n<div class=\"wp-block-image\"><figure class=\"aligncenter size-large\"><img loading=\"lazy\" decoding=\"async\" width=\"460\" height=\"368\" src=\"https:\/\/www.witkowscy.net\/wp\/wp-content\/uploads\/2004\/08\/rodzina_s1.jpg\" alt=\"\" class=\"wp-image-35\" srcset=\"https:\/\/www.witkowscy.net\/wp\/wp-content\/uploads\/2004\/08\/rodzina_s1.jpg 460w, https:\/\/www.witkowscy.net\/wp\/wp-content\/uploads\/2004\/08\/rodzina_s1-300x240.jpg 300w\" sizes=\"auto, (max-width: 460px) 100vw, 460px\" \/><\/figure><\/div>\n\n\n\n<p><strong>Nasza rodzina w J\u00f3zefowie &#8211; 2007&nbsp;<\/strong><\/p>\n\n\n\n<p>stoj\u0105 od lewej: Katarzyna Korycki (z d. Witkowska), Tytus Witkowski, Agnieszka Witkowska, Barbara Korycka<\/p>\n\n\n\n<p>siedz\u0105 od lewej: Andrzej Witkowski, Maria Baraniecka Witkowska &#8211; w\u0142a\u015bcicielka strony, Ma\u0142gorzata Baraniecka<\/p>\n\n\n\n<p>le\u017c\u0105 od lewej: Szymon Piotr, Franciszek J\u00f3zef, Filip Andrzej, Jan Kazimierz Witkowscy<\/p>\n\n\n\n<p>Zapraszam do wpisywania sie do ksi\u0119gi go\u015bci.<\/p>\n","protected":false},"excerpt":{"rendered":"<p>Tu znajdziesz nasze wspomnienia z lat dawnych, a tak\u017ce informacje i zdj\u0119cia z wa\u017cnych, bie\u017c\u0105cych wydarze\u0144 rodzinnych. A do tego troch\u0119 genealogii, ciekawostek, a nawet&hellip; <\/p>\n","protected":false},"author":1,"featured_media":0,"parent":0,"menu_order":0,"comment_status":"closed","ping_status":"closed","template":"","meta":{"ngg_post_thumbnail":0,"footnotes":""},"class_list":["post-1635","page","type-page","status-publish","hentry"],"_links":{"self":[{"href":"https:\/\/www.witkowscy.net\/wp\/index.php?rest_route=\/wp\/v2\/pages\/1635","targetHints":{"allow":["GET"]}}],"collection":[{"href":"https:\/\/www.witkowscy.net\/wp\/index.php?rest_route=\/wp\/v2\/pages"}],"about":[{"href":"https:\/\/www.witkowscy.net\/wp\/index.php?rest_route=\/wp\/v2\/types\/page"}],"author":[{"embeddable":true,"href":"https:\/\/www.witkowscy.net\/wp\/index.php?rest_route=\/wp\/v2\/users\/1"}],"replies":[{"embeddable":true,"href":"https:\/\/www.witkowscy.net\/wp\/index.php?rest_route=%2Fwp%2Fv2%2Fcomments&post=1635"}],"version-history":[{"count":2,"href":"https:\/\/www.witkowscy.net\/wp\/index.php?rest_route=\/wp\/v2\/pages\/1635\/revisions"}],"predecessor-version":[{"id":1638,"href":"https:\/\/www.witkowscy.net\/wp\/index.php?rest_route=\/wp\/v2\/pages\/1635\/revisions\/1638"}],"wp:attachment":[{"href":"https:\/\/www.witkowscy.net\/wp\/index.php?rest_route=%2Fwp%2Fv2%2Fmedia&parent=1635"}],"curies":[{"name":"wp","href":"https:\/\/api.w.org\/{rel}","templated":true}]}}